{"id":4089,"date":"2021-10-05T16:30:26","date_gmt":"2021-10-05T16:30:26","guid":{"rendered":"https:\/\/quirky-cohen.82-223-55-183.plesk.page\/?page_id=4089"},"modified":"2021-10-06T07:38:32","modified_gmt":"2021-10-06T07:38:32","slug":"sobre-mi","status":"publish","type":"page","link":"https:\/\/quirky-cohen.82-223-55-183.plesk.page\/index.php\/sobre-mi\/","title":{"rendered":"SOBRE MI"},"content":{"rendered":"[vc_row type=\u00bbfull_width_background\u00bb full_screen_row_position=\u00bbmiddle\u00bb column_margin=\u00bbdefault\u00bb column_direction=\u00bbdefault\u00bb column_direction_tablet=\u00bbdefault\u00bb column_direction_phone=\u00bbdefault\u00bb bg_color=\u00bb#ffffff\u00bb scene_position=\u00bbcenter\u00bb bottom_padding=\u00bb50&#8243; text_color=\u00bbdark\u00bb text_align=\u00bbleft\u00bb row_border_radius=\u00bbnone\u00bb row_border_radius_applies=\u00bbbg\u00bb overlay_strength=\u00bb0.3&#8243; gradient_direction=\u00bbleft_to_right\u00bb shape_divider_position=\u00bbbottom\u00bb bg_image_animation=\u00bbnone\u00bb shape_type=\u00bb\u00bb][vc_column column_padding=\u00bbno-extra-padding\u00bb column_padding_tablet=\u00bbinherit\u00bb column_padding_phone=\u00bbinherit\u00bb column_padding_position=\u00bball\u00bb column_element_spacing=\u00bbdefault\u00bb background_color_opacity=\u00bb1&#8243; background_hover_color_opacity=\u00bb1&#8243; column_shadow=\u00bbnone\u00bb column_border_radius=\u00bbnone\u00bb column_link_target=\u00bb_self\u00bb gradient_direction=\u00bbleft_to_right\u00bb overlay_strength=\u00bb0.3&#8243; width=\u00bb1\/12&#8243; tablet_width_inherit=\u00bbdefault\u00bb tablet_text_alignment=\u00bbdefault\u00bb phone_text_alignment=\u00bbdefault\u00bb bg_image_animation=\u00bbnone\u00bb border_type=\u00bbsimple\u00bb column_border_width=\u00bbnone\u00bb column_border_style=\u00bbsolid\u00bb][\/vc_column][vc_column column_padding=\u00bbno-extra-padding\u00bb column_padding_tablet=\u00bbinherit\u00bb column_padding_phone=\u00bbinherit\u00bb column_padding_position=\u00bball\u00bb column_element_spacing=\u00bbdefault\u00bb background_color_opacity=\u00bb1&#8243; background_hover_color_opacity=\u00bb1&#8243; column_shadow=\u00bbnone\u00bb column_border_radius=\u00bbnone\u00bb column_link_target=\u00bb_self\u00bb gradient_direction=\u00bbleft_to_right\u00bb overlay_strength=\u00bb0.3&#8243; width=\u00bb5\/6&#8243; tablet_width_inherit=\u00bbdefault\u00bb tablet_text_alignment=\u00bbdefault\u00bb phone_text_alignment=\u00bbdefault\u00bb bg_image_animation=\u00bbnone\u00bb border_type=\u00bbsimple\u00bb column_border_width=\u00bbnone\u00bb column_border_style=\u00bbsolid\u00bb][image_with_animation image_url=\u00bb17&#8243; animation=\u00bbFade In\u00bb hover_animation=\u00bbnone\u00bb alignment=\u00bbcenter\u00bb border_radius=\u00bbnone\u00bb box_shadow=\u00bbnone\u00bb image_loading=\u00bbdefault\u00bb max_width=\u00bb50%\u00bb max_width_mobile=\u00bbdefault\u00bb][vc_column_text]\n<p class=\"uk-article-lead tm-margin-top-large\">\u00a1\u00a1Hola!!! Me presento:<\/p>\n<p class=\"uk-article-lead tm-margin-top-large\">Soy Toni Molina.<\/p>\n<p class=\"uk-article-lead tm-margin-top-large\">Me dedico al mundo de la implantaci\u00f3n de imagen corporativa, desarrollando todo tipo de productos relacionados con el sector.<\/p>\n<p class=\"uk-article-lead tm-margin-top-large\">Mi trayectoria comienza desde los a\u00f1os 80, pero trabajo de forma independiente desde el pasado a\u00f1o 2008.<\/p>\n<p class=\"uk-article-lead tm-margin-top-large\">Toda una vida profesional dedicada a este mundillo, donde se tocan cientos de temas absolutamente variables e insospechados, y en el cual uno ya no sabe explicar lo que hace, sino m\u00e1s bien preguntar&#8230;\u00bfque necesitas?.<\/p>\n<p class=\"uk-article-lead tm-margin-top-large\">Afortunado y agradecido por siempre de haber tenido la suerte de participar en miles de experiencias que comienzan por ideas o proyectos de nueva creaci\u00f3n, que tras desarrollarse finalmente se convierten en objetos que forman parte del entorno que nos rodea, decorando el escenario de este tiempo que nos ha tocado vivir.<\/p>\n<p class=\"uk-article-lead tm-margin-top-large\">Dedicatoria especial a mis 20 a\u00f1os vividos en la empresa R\u00f3tulos Roura, (actualmente Roura Cevasa), antigua escuela de maestros artesanos del oficio en la cual tuve la fortuna de participar de manera absolutamente activa en multitud de proyectos que forman parte del entorno de nuestro tiempo, y donde tuve la suerte de por vida de conocer a personas cuya capacidad profesionalidad \u00fanicamente fue superada por su inigualable calidad humana.<\/p>\n<p class=\"uk-article-lead tm-margin-top-large\">Enamorado y apasionado de este oficio, vivo un innato y constante ejercicio de superaci\u00f3n en cuanto a I+D+I se refiere, absolutamente b\u00e1sico y necesario para el desarrollo de mi labor, sobre todo consciente de los tiempos que nos han tocado vivir, en los que prevalece permanentemente la b\u00fasqueda de soluciones industrialmente competitivas, sin perder de vista la originalidad correspondida sin menospreciar unos m\u00ednimos niveles de calidad apropiados.<\/p>\n<p class=\"uk-article-lead tm-margin-top-large\">Cuento con la confianza de creativos profesionales, algunos de ellos de reconocido prestigio, con quienes disfruto compartiendo los inevitables momentos que suceden tras el origen de las ideas, hasta poder convertir \u00e9stas en realidades con absoluta y rigurosa discreci\u00f3n.<\/p>\n<p class=\"uk-article-lead tm-margin-top-large\">Especializado en el desarrollo t\u00e9cnico y la ingenier\u00eda de cualquier tipo de producto relacionado con el sector, ofrezco mi experiencia desde el mismo inicio u origen del proyecto, pudiendo desarrollar incluso manuales de ingenier\u00eda corporativos si se pretenden, hasta la total puesta en marcha de los productos si se desea, es decir ofrezco sin problemas un total servicio \u00abllave en mano\u00bb, exceptuando la obra civil.<\/p>\n<p class=\"uk-article-lead tm-margin-top-large\">Para ello cuento con una amplia cobertura de industriales y colaboradores que me permiten ofrecer estos servicios de producci\u00f3n y log\u00edstica, con total garant\u00eda y absoluta rigurosidad y responsabilidad. (Talleres metal\u00fargicos, carpinter\u00edas del metal y de la madera, manipulados pl\u00e1sticos, impresi\u00f3n digital, vinilos, pinturas, montajes, etc).<\/p>\n<p class=\"uk-article-lead tm-margin-top-large\">Un recuerdo y agradecimiento sincero muy especial para todos mis grandes compa\u00f1eros y amigos de Roura que siempre lo fueron y lo ser\u00e1n, de los cuales me siento tan orgulloso&#8230;y un abrazo muy sincero para aquellos rom\u00e1nticos del sector que a\u00fan sobreviven en activo a pesar de estos tiempos, en especial para Graciano Checa.<\/p>\n<p class=\"uk-article-lead tm-margin-top-large\">Ya a partir de todo lo dicho anteriormente&#8230;lo siguiente que toca es conocerme&#8230;<\/p>\n<h4 style=\"text-align: center;\"><span style=\"color: #808080;\">\u00bfEL PORQU\u00c9 DE MIS CROQUIS?<\/span><\/h4>\n<p class=\"uk-article-lead tm-margin-top-large\">Desde muy ni\u00f1o el dibujo a mano alzada me encantaba, as\u00ed como la idea de alg\u00fan d\u00eda llegar a ser arquitecto simplemente por aquello de seguir dibujando siempre.<\/p>\n<p class=\"uk-article-lead tm-margin-top-large\">Mis caminos me llevaron a ser Maestro Industrial de la Delineaci\u00f3n por pura vocaci\u00f3n, y l\u00f3gicamente fu\u00ed desarrollando profundamente mi capacidad en cuanto al dibujo t\u00e9cnico se refiere en tiempos del l\u00e1piz de punta fina, el papel vegetal, la plumilla, la mesa con el tecn\u00edgrafo, los rotrings, etc. \u00a1\u00a1C\u00f3mo disfrut\u00e9 en esos tiempos!!!.<\/p>\n<p class=\"uk-article-lead tm-margin-top-large\">Nunca hubiera imaginado que pudiera existir tanto arte en aquellos dibujos t\u00e9cnicos&#8230;<\/p>\n<p class=\"uk-article-lead tm-margin-top-large\">M\u00e1s tarde, con los a\u00f1os llega la era inform\u00e1tica, los estudios, etc, por lo que todo aquello pas\u00f3 a mejor vida, pero nunca lo hizo la elaboraci\u00f3n de un croquis a mano alzada, con el que siempre se acaba por captar mejor los temas.<\/p>\n<p class=\"uk-article-lead tm-margin-top-large\">Esto de hacer croquis para todo es algo que me surge de forma innata e instant\u00e1neamente siempre con el deseo tras unos cuantos trazos de entender o hacer entender mejor el desarrollo de las ideas hacia los dem\u00e1s o por parte de los dem\u00e1s, en vistas a imaginar una posible realidad, si es preciso como no, sobre servilletas bar.<\/p>\n<p class=\"uk-article-lead tm-margin-top-large\">Supongo que algo tendr\u00e1 que ver con la nostalgia de aquellos a\u00f1os a los cuales no renunciar\u00e9 jam\u00e1s, ya que es una forma de vivir mi oficio y una necesidad ante todo.<\/p>\n<p class=\"uk-article-lead tm-margin-top-large\">De hecho, esto forma parte del reflejo de uno mismo; en realidad desde ni\u00f1o todo me resulta un permanente y constante croquis a mano alzada&#8230;<\/p>\n<h4 style=\"text-align: center;\"><span style=\"color: #808080;\">Y LA VIDA SIGUE.<\/span><\/h4>\n[\/vc_column_text][\/vc_column][vc_column column_padding=\u00bbno-extra-padding\u00bb column_padding_tablet=\u00bbinherit\u00bb column_padding_phone=\u00bbinherit\u00bb column_padding_position=\u00bball\u00bb column_element_spacing=\u00bbdefault\u00bb background_color_opacity=\u00bb1&#8243; background_hover_color_opacity=\u00bb1&#8243; column_shadow=\u00bbnone\u00bb column_border_radius=\u00bbnone\u00bb column_link_target=\u00bb_self\u00bb gradient_direction=\u00bbleft_to_right\u00bb overlay_strength=\u00bb0.3&#8243; width=\u00bb1\/12&#8243; tablet_width_inherit=\u00bbdefault\u00bb tablet_text_alignment=\u00bbdefault\u00bb phone_text_alignment=\u00bbdefault\u00bb bg_image_animation=\u00bbnone\u00bb border_type=\u00bbsimple\u00bb column_border_width=\u00bbnone\u00bb column_border_style=\u00bbsolid\u00bb][\/vc_column][\/vc_row]\n","protected":false},"excerpt":{"rendered":"<p>[vc_row type=\u00bbfull_width_background\u00bb full_screen_row_position=\u00bbmiddle\u00bb column_margin=\u00bbdefault\u00bb column_direction=\u00bbdefault\u00bb column_direction_tablet=\u00bbdefault\u00bb column_direction_phone=\u00bbdefault\u00bb bg_color=\u00bb#ffffff\u00bb scene_position=\u00bbcenter\u00bb bottom_padding=\u00bb50&#8243; text_color=\u00bbdark\u00bb text_align=\u00bbleft\u00bb row_border_radius=\u00bbnone\u00bb row_border_radius_applies=\u00bbbg\u00bb overlay_strength=\u00bb0.3&#8243; gradient_direction=\u00bbleft_to_right\u00bb shape_divider_position=\u00bbbottom\u00bb bg_image_animation=\u00bbnone\u00bb shape_type=\u00bb\u00bb][vc_column column_padding=\u00bbno-extra-padding\u00bb column_padding_tablet=\u00bbinherit\u00bb column_padding_phone=\u00bbinherit\u00bb column_padding_position=\u00bball\u00bb column_element_spacing=\u00bbdefault\u00bb background_color_opacity=\u00bb1&#8243; background_hover_color_opacity=\u00bb1&#8243; column_shadow=\u00bbnone\u00bb column_border_radius=\u00bbnone\u00bb column_link_target=\u00bb_self\u00bb gradient_direction=\u00bbleft_to_right\u00bb&#8230;<\/p>\n","protected":false},"author":1,"featured_media":0,"parent":0,"menu_order":0,"comment_status":"closed","ping_status":"closed","template":"","meta":{"footnotes":""},"class_list":["post-4089","page","type-page","status-publish"],"_links":{"self":[{"href":"https:\/\/quirky-cohen.82-223-55-183.plesk.page\/index.php\/wp-json\/wp\/v2\/pages\/4089","targetHints":{"allow":["GET"]}}],"collection":[{"href":"https:\/\/quirky-cohen.82-223-55-183.plesk.page\/index.php\/wp-json\/wp\/v2\/pages"}],"about":[{"href":"https:\/\/quirky-cohen.82-223-55-183.plesk.page\/index.php\/wp-json\/wp\/v2\/types\/page"}],"author":[{"embeddable":true,"href":"https:\/\/quirky-cohen.82-223-55-183.plesk.page\/index.php\/wp-json\/wp\/v2\/users\/1"}],"replies":[{"embeddable":true,"href":"https:\/\/quirky-cohen.82-223-55-183.plesk.page\/index.php\/wp-json\/wp\/v2\/comments?post=4089"}],"version-history":[{"count":5,"href":"https:\/\/quirky-cohen.82-223-55-183.plesk.page\/index.php\/wp-json\/wp\/v2\/pages\/4089\/revisions"}],"predecessor-version":[{"id":4286,"href":"https:\/\/quirky-cohen.82-223-55-183.plesk.page\/index.php\/wp-json\/wp\/v2\/pages\/4089\/revisions\/4286"}],"wp:attachment":[{"href":"https:\/\/quirky-cohen.82-223-55-183.plesk.page\/index.php\/wp-json\/wp\/v2\/media?parent=4089"}],"curies":[{"name":"wp","href":"https:\/\/api.w.org\/{rel}","templated":true}]}}